{"id":2,"date":"2024-12-30T00:58:31","date_gmt":"2024-12-29T21:58:31","guid":{"rendered":"http:\/\/www.turargroup.com\/?page_id=2"},"modified":"2024-12-30T09:55:18","modified_gmt":"2024-12-30T06:55:18","slug":"ornek-sayfa","status":"publish","type":"page","link":"http:\/\/www.turargroup.com\/?page_id=2","title":{"rendered":"Hakk\u0131m\u0131zda"},"content":{"rendered":"\n<p>Firmam\u0131z T\u00fcrk ve Arap i\u015fbirli\u011fi ama\u00e7l\u0131 kurulmu\u015f ve ba\u015fta Suudi Arabistan olmak \u00fczere b\u00f6lge \u00fclkelerinde faaliyet g\u00f6stermektedir. <\/p>\n","protected":false},"excerpt":{"rendered":"<p>Firmam\u0131z T\u00fcrk ve Arap i\u015fbirli\u011fi ama\u00e7l\u0131 kurulmu\u015f ve ba\u015fta Suudi Arabistan olmak \u00fczere b\u00f6lge \u00fclkelerinde faaliyet g\u00f6stermektedir.<\/p>\n","protected":false},"author":1,"featured_media":0,"parent":0,"menu_order":0,"comment_status":"closed","ping_status":"open","template":"","meta":{"footnotes":""},"class_list":["post-2","page","type-page","status-publish","hentry"],"_links":{"self":[{"href":"http:\/\/www.turargroup.com\/index.php?rest_route=\/wp\/v2\/pages\/2","targetHints":{"allow":["GET"]}}],"collection":[{"href":"http:\/\/www.turargroup.com\/index.php?rest_route=\/wp\/v2\/pages"}],"about":[{"href":"http:\/\/www.turargroup.com\/index.php?rest_route=\/wp\/v2\/types\/page"}],"author":[{"embeddable":true,"href":"http:\/\/www.turargroup.com\/index.php?rest_route=\/wp\/v2\/users\/1"}],"replies":[{"embeddable":true,"href":"http:\/\/www.turargroup.com\/index.php?rest_route=%2Fwp%2Fv2%2Fcomments&post=2"}],"version-history":[{"count":3,"href":"http:\/\/www.turargroup.com\/index.php?rest_route=\/wp\/v2\/pages\/2\/revisions"}],"predecessor-version":[{"id":143,"href":"http:\/\/www.turargroup.com\/index.php?rest_route=\/wp\/v2\/pages\/2\/revisions\/143"}],"wp:attachment":[{"href":"http:\/\/www.turargroup.com\/index.php?rest_route=%2Fwp%2Fv2%2Fmedia&parent=2"}],"curies":[{"name":"wp","href":"https:\/\/api.w.org\/{rel}","templated":true}]}}