{"id":45,"date":"2024-12-29T22:17:30","date_gmt":"2024-12-29T19:17:30","guid":{"rendered":"http:\/\/www.turargroup.com\/home\/"},"modified":"2025-04-16T23:02:35","modified_gmt":"2025-04-16T20:02:35","slug":"home","status":"publish","type":"page","link":"http:\/\/www.turargroup.com\/","title":{"rendered":"Ana Sayfa"},"content":{"rendered":"<div id=\"metaslider-id-259\" style=\"width: 100%; margin: 0 auto;\" class=\"ml-slider-3-97-0 metaslider metaslider-flex metaslider-259 ml-slider ms-theme-default-base has-dots-nav\" role=\"region\" aria-roledescription=\"Slideshow\" aria-label=\"New Slideshow\" data-width=\"700\">\n    <div id=\"metaslider_container_259\">\n        <div id=\"metaslider_259\">\n            <ul class='slides'>\n                <li style=\"display: block; width: 100%;\" class=\"slide-260 ms-image \" aria-roledescription=\"slide\" aria-label=\"slide-260\" data-date=\"2025-04-16 23:01:51\"><img loading=\"lazy\" decoding=\"async\" src=\"http:\/\/www.turargroup.com\/wp-content\/uploads\/2025\/04\/tekstil-700x300.jpg\" height=\"300\" width=\"700\" alt=\"\" class=\"slider-259 slide-260\" title=\"KUMA\u015e \u0130\u015eLEMES\u0130\" \/><\/li>\n                <li style=\"display: none; width: 100%;\" class=\"slide-261 ms-image \" aria-roledescription=\"slide\" aria-label=\"slide-261\" data-date=\"2025-04-16 23:01:51\"><img loading=\"lazy\" decoding=\"async\" src=\"http:\/\/www.turargroup.com\/wp-content\/uploads\/2025\/04\/turizm-endustrisi-700x300.jpg\" height=\"300\" width=\"700\" alt=\"\" class=\"slider-259 slide-261\" title=\"YURT \u0130\u00c7\u0130 ve YURT DI\u015eI TUR\u0130ZM\" \/><\/li>\n                <li style=\"display: none; width: 100%;\" class=\"slide-262 ms-image \" aria-roledescription=\"slide\" aria-label=\"slide-262\" data-date=\"2025-04-16 23:01:51\"><img loading=\"lazy\" decoding=\"async\" src=\"http:\/\/www.turargroup.com\/wp-content\/uploads\/2025\/04\/PLASTiK-700x300.jpg\" height=\"300\" width=\"700\" alt=\"\" class=\"slider-259 slide-262\" title=\"PLAST\u0130K HAM MADDE \u0130THALATI ve TOPTAN SATI\u015e\" \/><\/li>\n                <li style=\"display: none; width: 100%;\" class=\"slide-264 ms-image \" aria-roledescription=\"slide\" aria-label=\"slide-264\" data-date=\"2025-04-16 23:01:51\"><img loading=\"lazy\" decoding=\"async\" src=\"http:\/\/www.turargroup.com\/wp-content\/uploads\/2025\/04\/HACUMRE-700x300.jpg\" height=\"300\" width=\"700\" alt=\"\" class=\"slider-259 slide-264\" title=\"HACC ve UMRE H\u0130ZMETLER\u0130\" \/><\/li>\n                <li style=\"display: none; width: 100%;\" class=\"slide-265 ms-image \" aria-roledescription=\"slide\" aria-label=\"slide-265\" data-date=\"2025-04-16 23:01:51\"><img loading=\"lazy\" decoding=\"async\" src=\"http:\/\/www.turargroup.com\/wp-content\/uploads\/2025\/04\/gida2-700x300.jpg\" height=\"300\" width=\"700\" alt=\"\" class=\"slider-259 slide-265\" title=\"GIDA \u00dcRET\u0130M\u0130 ve DA\u011eITIMI\" \/><\/li>\n                <li style=\"display: none; width: 100%;\" class=\"slide-266 ms-image \" aria-roledescription=\"slide\" aria-label=\"slide-266\" data-date=\"2025-04-16 23:01:51\"><img loading=\"lazy\" decoding=\"async\" src=\"http:\/\/www.turargroup.com\/wp-content\/uploads\/2025\/04\/G38-1-scaled-700x300.jpg\" height=\"300\" width=\"700\" alt=\"\" class=\"slider-259 slide-266\" title=\"\u0130PL\u0130K \u0130MALATI ve TOPTAN SATI\u015e\" \/><\/li>\n                <li style=\"display: none; width: 100%;\" class=\"slide-267 ms-image \" aria-roledescription=\"slide\" aria-label=\"slide-267\" data-date=\"2025-04-16 23:01:51\"><img loading=\"lazy\" decoding=\"async\" src=\"http:\/\/www.turargroup.com\/wp-content\/uploads\/2025\/04\/Enerji-700x300.jpg\" height=\"300\" width=\"700\" alt=\"\" class=\"slider-259 slide-267\" title=\"YEN\u0130LEB\u0130L\u0130R ENERJ\u0130 \u00dcTER\u0130T\u0130M\u0130\" \/><\/li>\n                <li style=\"display: none; width: 100%;\" class=\"slide-268 ms-image \" aria-roledescription=\"slide\" aria-label=\"slide-268\" data-date=\"2025-04-16 23:01:51\"><img loading=\"lazy\" decoding=\"async\" src=\"http:\/\/www.turargroup.com\/wp-content\/uploads\/2025\/04\/DIS-TiCARET-700x300.jpg\" height=\"300\" width=\"700\" alt=\"\" class=\"slider-259 slide-268\" title=\"\u0130THALAT ve \u0130HRACAT\" \/><\/li>\n                <li style=\"display: none; width: 100%;\" class=\"slide-269 ms-image \" aria-roledescription=\"slide\" aria-label=\"slide-269\" data-date=\"2025-04-16 23:01:51\"><img loading=\"lazy\" decoding=\"async\" src=\"http:\/\/www.turargroup.com\/wp-content\/uploads\/2025\/04\/1301-700x300.jpg\" height=\"300\" width=\"700\" alt=\"\" class=\"slider-259 slide-269\" title=\"HALI \u0130MALATI ve TOPTAN SATI\u015e\" \/><\/li>\n                <li style=\"display: none; width: 100%;\" class=\"slide-270 ms-image \" aria-roledescription=\"slide\" aria-label=\"slide-270\" data-date=\"2025-04-16 23:01:51\"><img loading=\"lazy\" decoding=\"async\" src=\"http:\/\/www.turargroup.com\/wp-content\/uploads\/2025\/04\/18-700x300.png\" height=\"300\" width=\"700\" alt=\"\" class=\"slider-259 slide-270\" title=\"KUMA\u015e \u0130MALATI ve TOPTAN SATI\u015e\" \/><\/li>\n            <\/ul>\n        <\/div>\n        \n    <\/div>\n<\/div>\n","protected":false},"excerpt":{"rendered":"","protected":false},"author":1,"featured_media":0,"parent":0,"menu_order":0,"comment_status":"closed","ping_status":"closed","template":"","meta":{"footnotes":""},"class_list":["post-45","page","type-page","status-publish","hentry"],"_links":{"self":[{"href":"http:\/\/www.turargroup.com\/index.php?rest_route=\/wp\/v2\/pages\/45","targetHints":{"allow":["GET"]}}],"collection":[{"href":"http:\/\/www.turargroup.com\/index.php?rest_route=\/wp\/v2\/pages"}],"about":[{"href":"http:\/\/www.turargroup.com\/index.php?rest_route=\/wp\/v2\/types\/page"}],"author":[{"embeddable":true,"href":"http:\/\/www.turargroup.com\/index.php?rest_route=\/wp\/v2\/users\/1"}],"replies":[{"embeddable":true,"href":"http:\/\/www.turargroup.com\/index.php?rest_route=%2Fwp%2Fv2%2Fcomments&post=45"}],"version-history":[{"count":9,"href":"http:\/\/www.turargroup.com\/index.php?rest_route=\/wp\/v2\/pages\/45\/revisions"}],"predecessor-version":[{"id":271,"href":"http:\/\/www.turargroup.com\/index.php?rest_route=\/wp\/v2\/pages\/45\/revisions\/271"}],"wp:attachment":[{"href":"http:\/\/www.turargroup.com\/index.php?rest_route=%2Fwp%2Fv2%2Fmedia&parent=45"}],"curies":[{"name":"wp","href":"https:\/\/api.w.org\/{rel}","templated":true}]}}